{"id":385,"date":"2020-01-07T15:41:23","date_gmt":"2020-01-07T14:41:23","guid":{"rendered":"http:\/\/lemenestreldeshautsdefrance.fr\/?page_id=385"},"modified":"2020-01-08T17:24:49","modified_gmt":"2020-01-08T16:24:49","slug":"les-troubadours-et-trouveres","status":"publish","type":"page","link":"https:\/\/lemenestreldeshautsdefrance.fr\/?page_id=385","title":{"rendered":"Les troubadours et trouv\u00e8res"},"content":{"rendered":"\n<p><\/p>\n\n\n\n<p><\/p>\n\n\n\n<figure class=\"wp-block-image\"><img src=\"http:\/\/www.lamarotte.fr\/wp-content\/uploads\/2007\/10\/grelot-et-la-gaillarde.jpg\" alt=\"grelot-et-la-gaillarde.jpg\"\/><\/figure>\n\n\n\n<p>Les\u00a0<em>troubadours<\/em>\u00a0sont \u00e0 l&#8217;origine de la po\u00e9sie profane en Occident. Leur nom vient du bas latin\u00a0<em>trobar<\/em>, qui signifie trouver ou&#8230; composer des vers ou de la musique (on les appelle aussi\u00a0<em>trouv\u00e8res<\/em>\u00a0en langue d&#8217;o\u00efl, le fran\u00e7ais du nord). Ils vont de ch\u00e2teau en ch\u00e2teau et racontent des \u00e9pop\u00e9es en vers qui magnifient les vertus chevaleresques. La Chanson de Roland est la plus c\u00e9l\u00e8bre de ces \u00e9pop\u00e9es ou\u00a0<em>chanson de geste<\/em>\u00a0(du latin\u00a0<em>gesta<\/em>\u00a0qui signifie action et d\u00e9signe un exploit guerrier).Ces po\u00e8tes originaires pour la plupart d&#8217;Aquitaine ou de Provence ont invent\u00e9 l&#8217;<em>\u00abamour courtois\u00bb<\/em>, fait de tendresse et de passion. Ils sont en g\u00e9n\u00e9ral d&#8217;extraction noble ou bourgeoise. Certains appartiennent m\u00eame \u00e0 la haute noblesse. C&#8217;est le cas du duc Guillaume IX d&#8217;Aquitaine, grand-p\u00e8re d&#8217;Ali\u00e9nor d&#8217;Aquitaine.\u00c0 c\u00f4t\u00e9 des troubadours, on rencontre aussi des amuseurs de moindre condition : les\u00a0<em>jongleurs<\/em>\u00a0et les\u00a0<em>m\u00e9nestrels<\/em>\u00a0; ces derniers jouent d&#8217;un instrument de musique (leur nom vient du bas latin\u00a0<em>ministerialis<\/em>\u00a0et d\u00e9signe un serviteur ordinaire). N&#8217;oublions pas la forme f\u00e9minine de ces personnages m\u00e9di\u00e9vaux: La trobairitz en langue d&#8217;oc et la trouveresse en langue d&#8217;oil, po\u00e9tesses et compositrices.<\/p>\n\n\n\n<p><a href=\"http:\/\/www.herodote.net\/troubadour_trouvere-mot-211.php\"><em>Extrait de: Le dictionnaire de l&#8217;histoire<\/em><\/a><\/p>\n\n\n\n<p><a href=\"http:\/\/www.herodote.net\/troubadour_trouvere-mot-211.php\"><em>&nbsp;Troubadour Trouv\u00e8re<\/em><\/a><\/p>\n\n\n\n<figure class=\"wp-block-image\"><img src=\"http:\/\/www.lamarotte.fr\/wp-content\/uploads\/2008\/08\/instruments_1340.jpg\" alt=\"instruments_1340.jpg\"\/><\/figure>\n\n\n\n<p>Vers le d\u00e9but du XII\u00e8 si\u00e8cle, dans la France du sud, un nouvel art fit son apparition : la po\u00e9sie lyrique, chant\u00e9e ou parl\u00e9e en langue vernaculaire (langue vulgaire), par les troubadours.<\/p>\n\n\n\n<p>\u00c9voquer le mot \u00ab troubadour ou trouv\u00e8re \u00bb sugg\u00e8re imm\u00e9diatement le musicien itin\u00e9rant. <br>Le luth sur l\u2019\u00e9paule, voyageant de ch\u00e2teau en ch\u00e2teau, pour y chanter ses romances. Il en est ainsi de quelques personnages de notre histoire, dont l\u2019image conventionnelle et erron\u00e9e est solidement ancr\u00e9e dans l\u2019imaginaire commun. La r\u00e9alit\u00e9 est tout autre&#8230;<br>Le terme occitan trobador (troubadour) d\u00e9signe, d\u00e8s le XIIe si\u00e8cle, la personne qui trouve&#8230; <br>C\u2019est-\u00e0-dire qui invente des \u0153uvres po\u00e9tiques port\u00e9es par des m\u00e9lodies. Le troubadour est donc \u00e0 la fois auteur et compositeur de pi\u00e8ces qu\u2019il interpr\u00e8te lui-m\u00eame devant ses amis, dans le cadre de la cour \u00e0 laquelle il est attach\u00e9 ou invit\u00e9, la \u00ab performance \u00bb pouvant \u00eatre \u00e9galement assur\u00e9e par un autre troubadour, plus rarement par un jongleur. Trobar, trobador, d\u00e9rivent de tropare et tropatore, formes m\u00e9diolatines* elles-m\u00eames issues du mot latin tropus qui signifie \u00ab trope \u00bb, pi\u00e8ce compos\u00e9e pour enrichir la liturgie, notamment en Aquitaine, d\u00e8s le IXe si\u00e8cle, \u00e0 l\u2019abbaye Saint-Martial de Limoges, dans la r\u00e9gion o\u00f9 sont apparus les premiers troubadours. Cette parent\u00e9 s\u00e9mantique r\u00e9v\u00e8le sans doute une parent\u00e9 musicale, d\u2019autant que des rapports de similitude ont pu \u00eatre relev\u00e9s entre les m\u00e9lodies issues des monast\u00e8res et celles issues des ch\u00e2teaux.<br>Certes, les m\u00e9lodies des troubadours ne sont pas sans rapport avec celles du plain-chant (chant liturgique catholique). Cependant, des diff\u00e9rences sensibles distinguent les deux r\u00e9pertoires, tant dans leur fonction que dans leur \u00e9criture : les chants des troubadours sont exclusivement (sauf de rares exceptions) profanes tandis que le plain-chant c\u00e9l\u00e8bre la louange de Dieu, dans une relation entre l\u2019humanit\u00e9 et le monde divin.<br>Par ailleurs, la production des troubadours est ponctuelle, limit\u00e9e dans le temps. <br>On conna\u00eet l\u2019auteur de telle ou telle chanson et l\u2019on sait qu\u2019il l\u2019a compos\u00e9e \u00e0 une occasion pr\u00e9cise. L\u2019invention des m\u00e9lodies du plain-chant, quant \u00e0 elle, s\u2019\u00e9tend sur plusieurs si\u00e8cles. Elles restent anonymes et ne sont jamais l\u2019expression de sentiments personnels, d\u2019une subjectivit\u00e9 ; elles sont encore chant\u00e9es de nos jours.<br>Les XIIe et XIIIe si\u00e8cles, qui ont vu na\u00eetre quelque quatre cent soixante troubadours, si l\u2019on inclut les trobairitz, les femmes cultivant le trobar, ont pu \u00eatre consid\u00e9r\u00e9s, \u00e0 juste titre, comme l\u2019\u00e2ge d\u2019or de la lyrique occitane. Il nous reste quelque deux mille cinq cents po\u00e8mes compos\u00e9s par les troubadours mais seulement, h\u00e9las, deux cent soixante m\u00e9lodies, soit un dixi\u00e8me de leurs \u0153uvres, m\u00e9lodies essentiellement contenues dans quatre grands recueils manuscrits dits chansonniers. Or l\u2019importance qu\u2019ont pu rev\u00eatir ces chants d\u00e9passe largement le cadre d\u2019un divertissement culturel, sauf \u00e0 comprendre la culture comme formatrice d\u2019une id\u00e9ologie et d\u2019une civilisation. Tel a \u00e9t\u00e9 le pouvoir de ces chants : compos\u00e9s en langue d\u2019oc (les trouv\u00e8res, au Nord, \u00e9crivent en langue d\u2019o\u00efl), ils ont suscit\u00e9 une rupture linguistique par l\u2019abandon du latin au profit de la langue vulgaire et ont ainsi dot\u00e9 les la\u00efcs de modes d\u2019expressions qui leur \u00e9taient propres. De nombreux troubadours appartenaient \u00e0 la noblesse, \u00e9taient pourvus de titres, de fiefs et de biens, quelques-uns \u00e9taient issus du clerg\u00e9 comme le moine de Montaudon. Ceux qui ne poss\u00e9daient pas de biens propres tels Marcabru, Bernart de Ventadour ou Guiraut de Bornelh ou les jongleurs Cercamon, Albertet, Pistoleta et Guillaume Augier trouvaient des protecteurs dans la noblesse. Un petit nombre d\u2019entre eux \u00e9taient des bourgeois, des commer\u00e7ants, tels Folque de Marseille, Peire Vidal, Peire Ramon de Tolosa et Aimeric de Perguilhan.<br>Le premier troubadour connu n\u2019est pas le moindre : au d\u00e9but du XIIe si\u00e8cle, Guillaume IX d\u2019Aquitaine, 7\u00e8me comte de Poitiers, 9\u00e8me duc d\u2019Aquitaine (1071-1127), grand seigneur, riche et puissant, \u00e9crit en langue vulgaire des chansons (nous en connaissons onze) o\u00f9 figure d\u00e9j\u00e0 l\u2019ensemble des th\u00e8mes que d\u00e9velopperont les troubadours et les trouv\u00e8res, de pi\u00e8ces tr\u00e8s crues aux chansons exquises d\u2019un raffinement po\u00e9tique que bien d\u2019autres apr\u00e8s lui n\u2019\u00e9galeront pas. Il jette d\u2019embl\u00e9e les bases de l\u2019\u00e9rotique occitane que l\u2019on appellera la \u00ab Fin Amor \u00bb puis l\u2019amour courtois.<br>Ce grand personnage qu\u2019\u00e9tait Guillaume IX n\u2019h\u00e9sitait pas \u00e0 chanter lui-m\u00eame ses propres po\u00e8mes, comme il l\u2019annonce simplement :<br>\u00ab puisque le talent m\u2019a pris de chanter, je ferai un vers \u00bb<br>Parlant de l\u2019une de ses chansons, il dit :<br>\u00ab Mes vers sont tous de longueur \u00e9gale ; je me loue de l\u2019air que j\u2019ai adapt\u00e9 ; il est de bonne valeur \u00bb<\/p>\n\n\n\n<p><em>Extrait de: Le Moyen age Toubadour, Trobariritz, Trouv\u00e9re.(Biblioth\u00e9que de Nice )<\/em><\/p>\n","protected":false},"excerpt":{"rendered":"<p>Les\u00a0troubadours\u00a0sont \u00e0 l&#8217;origine de la po\u00e9sie profane en Occident. Leur nom vient du bas latin\u00a0trobar, qui signifie trouver ou&#8230; composer des vers ou de la musique (on les appelle aussi\u00a0trouv\u00e8res\u00a0en langue d&#8217;o\u00efl, le fran\u00e7ais du nord). Ils vont de ch\u00e2teau\u2026<\/p>\n","protected":false},"author":1,"featured_media":0,"parent":0,"menu_order":0,"comment_status":"closed","ping_status":"closed","template":"","meta":[],"yoast_head":"<!-- This site is optimized with the Yoast SEO plugin v19.1 - https:\/\/yoast.com\/wordpress\/plugins\/seo\/ -->\n<title>Les troubadours et trouv\u00e8res - Le M\u00e9nestrel Des Hauts de France. Animations m\u00e9di\u00e9vales p\u00e9dagogiques<\/title>\n<meta name=\"robots\" content=\"index, follow, max-snippet:-1, max-image-preview:large, max-video-preview:-1\" \/>\n<link rel=\"canonical\" href=\"https:\/\/lemenestreldeshautsdefrance.fr\/?page_id=385\" \/>\n<meta property=\"og:locale\" content=\"fr_FR\" \/>\n<meta property=\"og:type\" content=\"article\" \/>\n<meta property=\"og:title\" content=\"Les troubadours et trouv\u00e8res - Le M\u00e9nestrel Des Hauts de France. Animations m\u00e9di\u00e9vales p\u00e9dagogiques\" \/>\n<meta property=\"og:description\" content=\"Les\u00a0troubadours\u00a0sont \u00e0 l&#8217;origine de la po\u00e9sie profane en Occident. Leur nom vient du bas latin\u00a0trobar, qui signifie trouver ou&#8230; composer des vers ou de la musique (on les appelle aussi\u00a0trouv\u00e8res\u00a0en langue d&#8217;o\u00efl, le fran\u00e7ais du nord). Ils vont de ch\u00e2teau\u2026\" \/>\n<meta property=\"og:url\" content=\"https:\/\/lemenestreldeshautsdefrance.fr\/?page_id=385\" \/>\n<meta property=\"og:site_name\" content=\"Le M\u00e9nestrel Des Hauts de France. Animations m\u00e9di\u00e9vales p\u00e9dagogiques\" \/>\n<meta property=\"article:modified_time\" content=\"2020-01-08T16:24:49+00:00\" \/>\n<meta property=\"og:image\" content=\"http:\/\/www.lamarotte.fr\/wp-content\/uploads\/2007\/10\/grelot-et-la-gaillarde.jpg\" \/>\n<meta name=\"twitter:card\" content=\"summary_large_image\" \/>\n<meta name=\"twitter:label1\" content=\"Dur\u00e9e de lecture estim\u00e9e\" \/>\n\t<meta name=\"twitter:data1\" content=\"5 minutes\" \/>\n<script type=\"application\/ld+json\" class=\"yoast-schema-graph\">{\"@context\":\"https:\/\/schema.org\",\"@graph\":[{\"@type\":[\"Person\",\"Organization\"],\"@id\":\"https:\/\/lemenestreldeshautsdefrance.fr\/#\/schema\/person\/e6d19311861e6ec80276cfa9017a3ba3\",\"name\":\"boufon-68\",\"image\":{\"@type\":\"ImageObject\",\"inLanguage\":\"fr-FR\",\"@id\":\"https:\/\/lemenestreldeshautsdefrance.fr\/#\/schema\/person\/image\/\",\"url\":\"https:\/\/secure.gravatar.com\/avatar\/68239af820e070e1bf56325d2c8aad95?s=96&d=mm&r=g\",\"contentUrl\":\"https:\/\/secure.gravatar.com\/avatar\/68239af820e070e1bf56325d2c8aad95?s=96&d=mm&r=g\",\"caption\":\"boufon-68\"},\"logo\":{\"@id\":\"https:\/\/lemenestreldeshautsdefrance.fr\/#\/schema\/person\/image\/\"}},{\"@type\":\"WebSite\",\"@id\":\"https:\/\/lemenestreldeshautsdefrance.fr\/#website\",\"url\":\"https:\/\/lemenestreldeshautsdefrance.fr\/\",\"name\":\"Le M\u00e9nestrel Des Hauts de France animations p\u00e9dagogiques\",\"description\":\"La musique au Moyen-\u00e2ge\",\"publisher\":{\"@id\":\"https:\/\/lemenestreldeshautsdefrance.fr\/#\/schema\/person\/e6d19311861e6ec80276cfa9017a3ba3\"},\"potentialAction\":[{\"@type\":\"SearchAction\",\"target\":{\"@type\":\"EntryPoint\",\"urlTemplate\":\"https:\/\/lemenestreldeshautsdefrance.fr\/?s={search_term_string}\"},\"query-input\":\"required name=search_term_string\"}],\"inLanguage\":\"fr-FR\"},{\"@type\":\"ImageObject\",\"inLanguage\":\"fr-FR\",\"@id\":\"https:\/\/lemenestreldeshautsdefrance.fr\/?page_id=385#primaryimage\",\"url\":\"http:\/\/www.lamarotte.fr\/wp-content\/uploads\/2007\/10\/grelot-et-la-gaillarde.jpg\",\"contentUrl\":\"http:\/\/www.lamarotte.fr\/wp-content\/uploads\/2007\/10\/grelot-et-la-gaillarde.jpg\"},{\"@type\":\"WebPage\",\"@id\":\"https:\/\/lemenestreldeshautsdefrance.fr\/?page_id=385#webpage\",\"url\":\"https:\/\/lemenestreldeshautsdefrance.fr\/?page_id=385\",\"name\":\"Les troubadours et trouv\u00e8res - Le M\u00e9nestrel Des Hauts de France. Animations m\u00e9di\u00e9vales p\u00e9dagogiques\",\"isPartOf\":{\"@id\":\"https:\/\/lemenestreldeshautsdefrance.fr\/#website\"},\"primaryImageOfPage\":{\"@id\":\"https:\/\/lemenestreldeshautsdefrance.fr\/?page_id=385#primaryimage\"},\"datePublished\":\"2020-01-07T14:41:23+00:00\",\"dateModified\":\"2020-01-08T16:24:49+00:00\",\"breadcrumb\":{\"@id\":\"https:\/\/lemenestreldeshautsdefrance.fr\/?page_id=385#breadcrumb\"},\"inLanguage\":\"fr-FR\",\"potentialAction\":[{\"@type\":\"ReadAction\",\"target\":[\"https:\/\/lemenestreldeshautsdefrance.fr\/?page_id=385\"]}]},{\"@type\":\"BreadcrumbList\",\"@id\":\"https:\/\/lemenestreldeshautsdefrance.fr\/?page_id=385#breadcrumb\",\"itemListElement\":[{\"@type\":\"ListItem\",\"position\":1,\"name\":\"Accueil\",\"item\":\"https:\/\/lemenestreldeshautsdefrance.fr\/\"},{\"@type\":\"ListItem\",\"position\":2,\"name\":\"Les troubadours et trouv\u00e8res\"}]}]}<\/script>\n<!-- \/ Yoast SEO plugin. -->","yoast_head_json":{"title":"Les troubadours et trouv\u00e8res - Le M\u00e9nestrel Des Hauts de France. Animations m\u00e9di\u00e9vales p\u00e9dagogiques","robots":{"index":"index","follow":"follow","max-snippet":"max-snippet:-1","max-image-preview":"max-image-preview:large","max-video-preview":"max-video-preview:-1"},"canonical":"https:\/\/lemenestreldeshautsdefrance.fr\/?page_id=385","og_locale":"fr_FR","og_type":"article","og_title":"Les troubadours et trouv\u00e8res - Le M\u00e9nestrel Des Hauts de France. Animations m\u00e9di\u00e9vales p\u00e9dagogiques","og_description":"Les\u00a0troubadours\u00a0sont \u00e0 l&#8217;origine de la po\u00e9sie profane en Occident. Leur nom vient du bas latin\u00a0trobar, qui signifie trouver ou&#8230; composer des vers ou de la musique (on les appelle aussi\u00a0trouv\u00e8res\u00a0en langue d&#8217;o\u00efl, le fran\u00e7ais du nord). Ils vont de ch\u00e2teau\u2026","og_url":"https:\/\/lemenestreldeshautsdefrance.fr\/?page_id=385","og_site_name":"Le M\u00e9nestrel Des Hauts de France. Animations m\u00e9di\u00e9vales p\u00e9dagogiques","article_modified_time":"2020-01-08T16:24:49+00:00","og_image":[{"url":"http:\/\/www.lamarotte.fr\/wp-content\/uploads\/2007\/10\/grelot-et-la-gaillarde.jpg"}],"twitter_card":"summary_large_image","twitter_misc":{"Dur\u00e9e de lecture estim\u00e9e":"5 minutes"},"schema":{"@context":"https:\/\/schema.org","@graph":[{"@type":["Person","Organization"],"@id":"https:\/\/lemenestreldeshautsdefrance.fr\/#\/schema\/person\/e6d19311861e6ec80276cfa9017a3ba3","name":"boufon-68","image":{"@type":"ImageObject","inLanguage":"fr-FR","@id":"https:\/\/lemenestreldeshautsdefrance.fr\/#\/schema\/person\/image\/","url":"https:\/\/secure.gravatar.com\/avatar\/68239af820e070e1bf56325d2c8aad95?s=96&d=mm&r=g","contentUrl":"https:\/\/secure.gravatar.com\/avatar\/68239af820e070e1bf56325d2c8aad95?s=96&d=mm&r=g","caption":"boufon-68"},"logo":{"@id":"https:\/\/lemenestreldeshautsdefrance.fr\/#\/schema\/person\/image\/"}},{"@type":"WebSite","@id":"https:\/\/lemenestreldeshautsdefrance.fr\/#website","url":"https:\/\/lemenestreldeshautsdefrance.fr\/","name":"Le M\u00e9nestrel Des Hauts de France animations p\u00e9dagogiques","description":"La musique au Moyen-\u00e2ge","publisher":{"@id":"https:\/\/lemenestreldeshautsdefrance.fr\/#\/schema\/person\/e6d19311861e6ec80276cfa9017a3ba3"},"potentialAction":[{"@type":"SearchAction","target":{"@type":"EntryPoint","urlTemplate":"https:\/\/lemenestreldeshautsdefrance.fr\/?s={search_term_string}"},"query-input":"required name=search_term_string"}],"inLanguage":"fr-FR"},{"@type":"ImageObject","inLanguage":"fr-FR","@id":"https:\/\/lemenestreldeshautsdefrance.fr\/?page_id=385#primaryimage","url":"http:\/\/www.lamarotte.fr\/wp-content\/uploads\/2007\/10\/grelot-et-la-gaillarde.jpg","contentUrl":"http:\/\/www.lamarotte.fr\/wp-content\/uploads\/2007\/10\/grelot-et-la-gaillarde.jpg"},{"@type":"WebPage","@id":"https:\/\/lemenestreldeshautsdefrance.fr\/?page_id=385#webpage","url":"https:\/\/lemenestreldeshautsdefrance.fr\/?page_id=385","name":"Les troubadours et trouv\u00e8res - Le M\u00e9nestrel Des Hauts de France. Animations m\u00e9di\u00e9vales p\u00e9dagogiques","isPartOf":{"@id":"https:\/\/lemenestreldeshautsdefrance.fr\/#website"},"primaryImageOfPage":{"@id":"https:\/\/lemenestreldeshautsdefrance.fr\/?page_id=385#primaryimage"},"datePublished":"2020-01-07T14:41:23+00:00","dateModified":"2020-01-08T16:24:49+00:00","breadcrumb":{"@id":"https:\/\/lemenestreldeshautsdefrance.fr\/?page_id=385#breadcrumb"},"inLanguage":"fr-FR","potentialAction":[{"@type":"ReadAction","target":["https:\/\/lemenestreldeshautsdefrance.fr\/?page_id=385"]}]},{"@type":"BreadcrumbList","@id":"https:\/\/lemenestreldeshautsdefrance.fr\/?page_id=385#breadcrumb","itemListElement":[{"@type":"ListItem","position":1,"name":"Accueil","item":"https:\/\/lemenestreldeshautsdefrance.fr\/"},{"@type":"ListItem","position":2,"name":"Les troubadours et trouv\u00e8res"}]}]}},"_links":{"self":[{"href":"https:\/\/lemenestreldeshautsdefrance.fr\/index.php?rest_route=\/wp\/v2\/pages\/385"}],"collection":[{"href":"https:\/\/lemenestreldeshautsdefrance.fr\/index.php?rest_route=\/wp\/v2\/pages"}],"about":[{"href":"https:\/\/lemenestreldeshautsdefrance.fr\/index.php?rest_route=\/wp\/v2\/types\/page"}],"author":[{"embeddable":true,"href":"https:\/\/lemenestreldeshautsdefrance.fr\/index.php?rest_route=\/wp\/v2\/users\/1"}],"replies":[{"embeddable":true,"href":"https:\/\/lemenestreldeshautsdefrance.fr\/index.php?rest_route=%2Fwp%2Fv2%2Fcomments&post=385"}],"version-history":[{"count":4,"href":"https:\/\/lemenestreldeshautsdefrance.fr\/index.php?rest_route=\/wp\/v2\/pages\/385\/revisions"}],"predecessor-version":[{"id":396,"href":"https:\/\/lemenestreldeshautsdefrance.fr\/index.php?rest_route=\/wp\/v2\/pages\/385\/revisions\/396"}],"wp:attachment":[{"href":"https:\/\/lemenestreldeshautsdefrance.fr\/index.php?rest_route=%2Fwp%2Fv2%2Fmedia&parent=385"}],"curies":[{"name":"wp","href":"https:\/\/api.w.org\/{rel}","templated":true}]}}