{"id":376,"date":"2020-01-07T15:28:50","date_gmt":"2020-01-07T14:28:50","guid":{"rendered":"http:\/\/lemenestreldeshautsdefrance.fr\/?page_id=376"},"modified":"2020-01-09T17:58:24","modified_gmt":"2020-01-09T16:58:24","slug":"la-danse-au-moyen-age","status":"publish","type":"page","link":"https:\/\/lemenestreldeshautsdefrance.fr\/?page_id=376","title":{"rendered":"La Danse au Moyen-Age"},"content":{"rendered":"\n<figure class=\"wp-block-image\"><img src=\"http:\/\/www.lamarotte.fr\/wp-content\/uploads\/2007\/09\/s5001632-0104_0001.jpg\" alt=\"s5001632-0104_0001.jpg\"\/><\/figure>\n\n\n\n<figure class=\"wp-block-image\"><img src=\"http:\/\/www.lamarotte.fr\/wp-content\/uploads\/2007\/09\/entrez-dana-la-danse.jpg\" alt=\"entrez-dana-la-danse.jpg\"\/><\/figure>\n\n\n\n<figure class=\"wp-block-image\"><img src=\"http:\/\/www.lamarotte.fr\/wp-content\/uploads\/2007\/09\/s50016132-003_0001.jpg\" alt=\"s50016132-003_0001.jpg\"\/><\/figure>\n\n\n\n<p><strong>La danse est une activit\u00e9 tr\u00e8s appr\u00e9ci\u00e9e au moyen \u00e2ge ont la rencontre r\u00e9guli\u00e8rement lors des diverses festivit\u00e9s pour c\u00e9l\u00e9brer un mariage une c\u00e9r\u00e9monie ou lors des carnavals.<\/strong><\/p>\n\n\n\n<p><strong>D&#8217;abord divertissement populaire la danse va peu \u00e0 peu prendre place dans les hautes sph\u00e8res de la soci\u00e9t\u00e9 f\u00e9odale et va passer d\u2019une activit\u00e9 spontan\u00e9e \u00e0 une pratique de plus en plus codifi\u00e9e \u00ab&nbsp;savante&nbsp;\u00bb que l\u2019on nommera par danse de cour.<\/strong><\/p>\n\n\n\n<p><strong>M\u00eame s\u2019il arrive que la danse prenne place de fa\u00e7on subversive lors de c\u00e9r\u00e9monies religieuses l\u2019\u00e9glise condamne cette forme d\u2019expression et la rel\u00e8gue au rang de pratiques sacril\u00e8ges ou d\u00e9moniaques car trop proche des rites li\u00e9s au culte de Dionysos dont elle cherche \u00e0 se d\u00e9tacher tout au long du moyen \u00e2ge.<\/strong><\/p>\n\n\n\n<p><strong>La danse va \u00e9voluer tout au long de cette p\u00e9riode et se pr\u00e9senter sous diff\u00e9rentes formes.<\/strong>On oppose La Basse Danse qui est une danse de couple de parade \u00e0 pas lent et gliss\u00e9s \u00e0 la Haute Danse qui est d&#8217;avantage rythm\u00e9e saut\u00e9e et enjou\u00e9e.<strong><em>a Carole&nbsp;:<\/em><\/strong><\/p>\n\n\n\n<p>La&nbsp;chor\u00e9a, terme utilis\u00e9 dans les textes latins jusqu\u2019au XIV\u00e8me si\u00e8cle. La Carole semble \u00eatre la forme de danse la plus r\u00e9pandue au moyen \u00e2ge et la plus \u00e9l\u00e9mentaire. Proche de la Tresque en Italie c\u2019est une danse en chaine ayant des similitudes avec la farandole pratiqu\u00e9e de nos jours. La Carole&nbsp;&nbsp;appara\u00eet d\u00e9s le VII\u00e8me si\u00e8cle et&nbsp;&nbsp;est utilis\u00e9e dans les textes latin jusqu\u2019au XIV\u00e8me. Elle se pr\u00e9sente sous la&nbsp;&nbsp;forme d\u2019une ronde ferm\u00e9e ou ouverte, celle-ci est organis\u00e9e sommairement. Les danseurs et danseuses se tiennent par le coude ou la main voir par le petit doigt mais ils peuvent \u00e9galement suivre la cadence sans toucher leurs partenaires.<\/p>\n\n\n\n<p>C\u2019est une danse men\u00e9e plus particuli\u00e8rement par les femmes qui chantent des refrains qui sont repris en ch\u0153ur par l\u2019ensemble des autres danseurs. La musique comme accompagnement semble limit\u00e9e.&nbsp;<\/p>\n\n\n\n<p>La Momerie&nbsp;a partir du 14eme est une sorte de Carole burlesque c\u2019est une forme de spectacle ou se m\u00ealent danses jongleries musiques et chants. Les acteurs sont costum\u00e9s et masqu\u00e9s telles les mascarades italiennes. Ces spectacles interviennent lors de banquets et autres festivit\u00e9s. Ils sont parfois accompagn\u00e9s de d\u00e9cors. Command\u00e9s par les puissants ses spectacles peuvent \u00eatre somptueux. C\u2019est une forme de th\u00e9\u00e2tre musicale mettant en sc\u00e8ne des hauts faits historiques et l\u00e9gendes.<\/p>\n\n\n\n<figure class=\"wp-block-image\"><img src=\"http:\/\/www.lamarotte.fr\/wp-content\/uploads\/2009\/09\/carole.jpg\" alt=\"carole.jpg\"\/><\/figure>\n\n\n\n<p><em>Les danseurs ex\u00e9cutant une &#8220;carole&#8221; dans le verger.<\/em><\/p>\n\n\n\n<p><em>Miniature extraite du Roman de la rose de Jean Meung. XVe si\u00e8cle.BN, Paris<\/em><br><\/p>\n\n\n\n<p>La moresque&nbsp;:<\/p>\n\n\n\n<p>La moresque, morisque, mauresque ou moresca est une danse qui apparait au XV\u00e8me si\u00e8cle et \u00e0 comme sont \u00e9tymologie l\u2019indique des origines maures ou morisque. Cette forme de danse va se professionnaliser et \u00eatre ex\u00e9cut\u00e9e par des danseurs avertis lors de grands festins. Tr\u00e8s \u00e0 la \u00ab&nbsp;mode&nbsp;\u00bb ils vont s\u2019av\u00e9rer comme des spectacles de choix \u00e0 la cour. Nous retrouvons cette forme de danse sur de nombreuses repr\u00e9sentations iconographiques de l\u2019\u00e9poque. C\u2019est une danse ou l\u2019effet visuel est de mise et tient une place pr\u00e9pond\u00e9rante. En effet, tous les attributs pouvant th\u00e9\u00e2traliser cette danse sont utilis\u00e9s&nbsp;: improvisations, grands effets de jambes et gestuel de la main soutenu, costumes de sc\u00e8nes, coiffes et accessoires divers comme l\u2019\u00e9p\u00e9e pouvant simuler un combat (moresques \u00e0 l\u2019\u00e9p\u00e9e).Selon les accessoires et la nature des costumes ces danses vont port\u00e9es le nom de&nbsp;: moresques d&#8217;hommes sauvages, moresque aux arceaux de fleurs etc. Fix\u00e9s aux mollets des danseurs les grelots occupent une place importante dans cette dance, ils cadencent la mesure par une suite de frappes du pied.<\/p>\n\n\n\n<p>La configuration de cette danse th\u00e9\u00e2tralis\u00e9e peut se pr\u00e9sente sous cette forme&nbsp;:<\/p>\n\n\n\n<p>Une femme portant un accessoire ou un costume symbolisant la f\u00e9minit\u00e9 dans sa forme \u00ab&nbsp;tentatrice&nbsp;\u00bb (pomme, anneaux, miroir, serpent).Un musicien jouant De la flute et battant la mesure sur un petit tambour (tabor).Des hommes (jeunes amoureux, vieux beaux et paysans robustes) symbolisant les diff\u00e9rentes couches sociales. Ceux ci dont le nombre varie de trois a une dizaine d\u2019individus accompagnent la danseuse moresque et enfin un bouffon symbolisant la marginalit\u00e9 ou la folie portant sa marotte. La mise en sc\u00e8ne est celle-ci&nbsp;: les hommes convoitent tour \u00e0 tour les faveurs de la femme combattant les uns avec les autres tout en emp\u00eachant le bouffon de s\u00e9duire celle-ci et de la poss\u00e9der. Cette forme de spectacle \u00e0 travers\u00e9e les si\u00e8cles et est encore dans\u00e9e de nos jours comme par exemple la moresque proven\u00e7ale.&nbsp;<\/p>\n\n\n\n<figure class=\"wp-block-image\"><img src=\"http:\/\/www.lamarotte.fr\/wp-content\/uploads\/2009\/09\/moresque1.jpg\" alt=\"moresque1.jpg\"\/><\/figure>\n\n\n\n<p>Isra\u00ebl Van Meckenem, Gravure, 1460.<\/p>\n\n\n\n<p>Paris, BNF, fol.<\/p>\n\n\n\n<p><strong><em>Le branle:<\/em><\/strong>&nbsp;Danse fran\u00e7aise apparue \u00e0 l&#8217;aube de la Renaissance. C\u2019est une danse en cha\u00eene, ou l\u2019on se tient par la main, gar\u00e7ons et filles altern\u00e9s. Les danseurs forment une ligne et progressent lat\u00e9ralement au rythme de la musique. Il existe deux grands types de branles<br>Le branle simple : deux pas de taille normale sur la gauche, un petit pas sur la droite, apr\u00e8s chaque pas, les pieds sont joints.<br>&#8211; branle double : deux pas de taille normale sur la gauche, deux petits pas sur la droite. La majorit\u00e9 des branles sont de rythme binaire mais certain peuvent \u00eatre ternaire.&nbsp;Les branles ont de nombreuses variantes et sont sp\u00e9cifiques \u00e0 chaque r\u00e9gion.<\/p>\n\n\n\n<figure class=\"wp-block-image\"><img src=\"http:\/\/www.lamarotte.fr\/wp-content\/uploads\/2007\/10\/clip_image00k2.jpg\" alt=\"clip_image00k2.jpg\"\/><\/figure>\n\n\n\n<p>\u00a0Orchesographie Thoineau Arbeau:<\/p>\n\n\n\n<p>Quelques exemples.<\/p>\n\n\n\n<p><strong><em>Liens sur le web:<\/em><\/strong><\/p>\n\n\n\n<p><a href=\"https:\/\/www.youtube.com\/watch?v=hZdQwceu1HY\">&nbsp;Branle de L&#8217;official:<\/a><\/p>\n\n\n\n<p><a href=\"http:\/\/www.youtube.com\/watch?v=5ZVAtXMM1zU&amp;feature=related\">Branle d&#8217;Ecosse:<\/a><\/p>\n\n\n\n<p><a href=\"https:\/\/www.youtube.com\/watch?v=3A04xuBCk_8\">Branle des Chevaux:<\/a><\/p>\n\n\n\n<p><a href=\"https:\/\/www.youtube.com\/watch?v=TFpyHispD3M\">Branle des Lavandi\u00e9res:<\/a><\/p>\n\n\n\n<p><a href=\"http:\/\/www.youtube.com\/watch?v=BOaJw6t60NI&amp;feature=related\">Branle de La Guerre:<\/a><\/p>\n\n\n\n<p><a href=\"http:\/\/www.youtube.com\/watch?v=_O12AAQOU7I&amp;feature=related\">Branle de La Montarde:<\/a><\/p>\n\n\n\n<p><a href=\"https:\/\/www.youtube.com\/watch?v=UZFK0XkpLMM\">Branle des pois:<\/a><\/p>\n\n\n\n<p><a href=\"https:\/\/www.youtube.com\/watch?v=D5yiUPii3aQ\">Branle des bouffons:<\/a><\/p>\n\n\n\n<p><a href=\"https:\/\/www.youtube.com\/watch?v=x6wOzj4kAAA\">Branle de La Haye1:<\/a><\/p>\n\n\n\n<p><a href=\"http:\/\/www.youtube.com\/watch?v=nMTmhj3Z9Wk&amp;feature=related\">Branle de la Haye 2:<\/a><\/p>\n\n\n\n<p><a href=\"http:\/\/www.youtube.com\/watch?v=fAf2fyGAP30&amp;feature=related\">Branle Pinagay:<\/a><\/p>\n\n\n\n<p><a href=\"https:\/\/www.youtube.com\/results?search_query=branle+gay\">Branle Gay:<\/a><\/p>\n\n\n\n<p>Autres Branles:<\/p>\n\n\n\n<p><a href=\"http:\/\/www.youtube.com\/watch?v=UlzySEwyFSc&amp;feature=related\">Branle de la torche.<\/a><\/p>\n\n\n\n<p><a href=\"http:\/\/www.youtube.com\/watch?v=c0RaJAl0I-4&amp;feature=related\">Branle de Champaigne:<\/a><\/p>\n\n\n\n<p><a href=\"http:\/\/www.youtube.com\/watch?v=2sKp8hJTxtk\">Branle de Bourgogne: (Claude Gervaise)<br><\/a><\/p>\n\n\n\n<p><a href=\"https:\/\/www.youtube.com\/watch?v=liTfVwW6MZ8\">Branle Charlotte renaissance:<\/a><\/p>\n\n\n\n<p><a href=\"http:\/\/www.youtube.com\/watch?v=tL8aqmQl6h8&amp;feature=related\">Branle de cassandre:<\/a><\/p>\n\n\n\n<p><a href=\"https:\/\/www.youtube.com\/results?search_query=branle+de+malt\">Branle de malt:<\/a><\/p>\n\n\n\n<p>Autres danses et chansons:<\/p>\n\n\n\n<p><a href=\"http:\/\/www.youtube.com\/watch?v=39Bmruz1Y6o\">traubentritt<\/a><\/p>\n\n\n\n<p><a href=\"https:\/\/www.youtube.com\/watch?v=2P1yiOEHPG0\">A l&#8217;entrada del tens clar:<\/a><\/p>\n\n\n\n<p><a href=\"http:\/\/www.graner.net\/nicolas\/arbeau\/\">Site d\u00e9taill\u00e9 sur l&#8217;orch\u00e9sographie de Thoinot Arbot (Chanoine Jehan Tabourot).<\/a><strong><em><\/em><\/strong><\/p>\n\n\n\n<p><strong><em>La pavane&nbsp;:<\/em><\/strong><br><\/p>\n\n\n\n<p>Danse et composition musicale noble et lente \u00e0 rythme binaire. C&#8217;est une danse de couple, l&#8217;homme \u00e0 gauche et la femme \u00e0 droite posant sa main sur celle de son cavalier. Le caract\u00e8re est noble, grave, majestueux, c\u00e9r\u00e9monieux, voire pompeux. La pavane consiste en deux simples un double avant (<em>marche<\/em>), suivis des m\u00eames en arri\u00e8re (<em>d\u00e9marche<\/em>).Elle peut s\u2019ex\u00e9cuter en cort\u00e8ge de parade.On retrouve cette danse dans l&#8217;Orch\u00e9sographie de Thoinot Arbeau (1569). Cette danse Renaissance serait originaire de la ville de Padoue et d\u00e9riverai de PAVA qui d\u00e9signe un &#8220;PAON&#8221; en Espagnol.Elle est associ\u00e9e \u00e0 d&#8217;autres danses telles que la Saltarelle et la Gaillarde.<\/p>\n\n\n\n<p><a href=\"https:\/\/www.youtube.com\/watch?v=OvKvbAGcK84\">Belle qui tient ma vie:<\/a><\/p>\n\n\n\n<p><em><strong>La Saltarelle:<\/strong><\/em>&nbsp;Danse d&#8217;origine V\u00e9nitienne XIII \u00e9me proche de la Tarentelle.Danse paysanne et populaire tr\u00e8s appr\u00e9ci\u00e9e par la cour \u00e0 partir du XV \u00e8me pour son caract\u00e8re enjou\u00e9. Le rythme est vif et ternaire.Une de ses sp\u00e9cificit\u00e9s est le pas saut\u00e9 qui \u00e0 donn\u00e9e le nom de Saltarello en Italien (saltarer- sauter).<\/p>\n\n\n\n<p><a href=\"https:\/\/www.youtube.com\/watch?v=_R3sKMc_s6M\">Saltarelle des &#8220;petit vriens &#8220;:<\/a><\/p>\n\n\n\n<p><em><strong>La Gaillarde:<\/strong><\/em><\/p>\n\n\n\n<p>Danse rapide \u00e0 trois temps certainement d&#8217;origine Italienne. C&#8217;est une danse de bal \u00e0 cinq pas, tr\u00e8s appr\u00e9ci\u00e9 au XVI \u00e9me qui suit la pavane dans son \u00e9x\u00e9cution.<\/p>\n\n\n\n<p><em><strong>Le Tourdion:<\/strong><\/em><\/p>\n\n\n\n<p>Danse du XVI \u00e8me en France, rapide et en couple l\u00e9g\u00e8rement saut\u00e9 faisant partie de la basse danse.<\/p>\n\n\n\n<p><em><strong>La Volte:&nbsp;<\/strong><\/em><\/p>\n\n\n\n<p>Danse proche de la gaillarde dans son ex\u00e9cution vive et tournoyante. Elle serait \u00e0 l&#8217;origine de la valse. C&#8217;est une danse&nbsp; ternaire d&#8217;origine proven\u00e7ale du XVI \u00e8me au XVII \u00e8me qui se danse en couple.<\/p>\n\n\n\n<p><em><strong>La Tresque:<\/strong><\/em><\/p>\n\n\n\n<p>Danse m\u00e9di\u00e9vale en chaine du XIV \u00e8me d&#8217;origine Italienne s&#8217;apparentant au farandole de nos jours.La musique et les chants accompagnent cette danse.<\/p>\n\n\n\n<p>Danses des moines et p\u00e9lerins:<\/p>\n\n\n\n<p>&nbsp;<a href=\"http:\/\/www.youtube.com\/watch?v=1_12p9OK1Ik&amp;feature=related\">Stella plendes:<\/a><\/p>\n\n\n\n<p><a href=\"http:\/\/www.youtube.com\/watch?v=HaR8e2-4YYE&amp;feature=related\">Stella plendes2:<\/a><\/p>\n\n\n\n<p><a href=\"http:\/\/www.youtube.com\/watch?v=lqcYNpAhnqo&amp;feature=related\">A l&#8217;entrada del tens clar 1:<\/a><\/p>\n\n\n\n<figure class=\"wp-block-image\"><a href=\"http:\/\/ladansemedievale.free.fr\/\"><img src=\"http:\/\/www.lamarotte.fr\/wp-content\/uploads\/2009\/09\/la-danse-medievale.jpg\" alt=\"la-danse-medievale.jpg\"\/><\/a><\/figure>\n\n\n\n<p>Ouvrage complet sur la Danse M\u00e9di\u00e9vale.<br><\/p>\n","protected":false},"excerpt":{"rendered":"<p>La danse est une activit\u00e9 tr\u00e8s appr\u00e9ci\u00e9e au moyen \u00e2ge ont la rencontre r\u00e9guli\u00e8rement lors des diverses festivit\u00e9s pour c\u00e9l\u00e9brer un mariage une c\u00e9r\u00e9monie ou lors des carnavals. D&#8217;abord divertissement populaire la danse va peu \u00e0 peu prendre place dans\u2026<\/p>\n","protected":false},"author":1,"featured_media":0,"parent":0,"menu_order":0,"comment_status":"closed","ping_status":"closed","template":"","meta":[],"yoast_head":"<!-- This site is optimized with the Yoast SEO plugin v19.1 - https:\/\/yoast.com\/wordpress\/plugins\/seo\/ -->\n<title>La Danse au Moyen-Age - Le M\u00e9nestrel Des Hauts de France. Animations m\u00e9di\u00e9vales p\u00e9dagogiques<\/title>\n<meta name=\"robots\" content=\"index, follow, max-snippet:-1, max-image-preview:large, max-video-preview:-1\" \/>\n<link rel=\"canonical\" href=\"https:\/\/lemenestreldeshautsdefrance.fr\/?page_id=376\" \/>\n<meta property=\"og:locale\" content=\"fr_FR\" \/>\n<meta property=\"og:type\" content=\"article\" \/>\n<meta property=\"og:title\" content=\"La Danse au Moyen-Age - Le M\u00e9nestrel Des Hauts de France. Animations m\u00e9di\u00e9vales p\u00e9dagogiques\" \/>\n<meta property=\"og:description\" content=\"La danse est une activit\u00e9 tr\u00e8s appr\u00e9ci\u00e9e au moyen \u00e2ge ont la rencontre r\u00e9guli\u00e8rement lors des diverses festivit\u00e9s pour c\u00e9l\u00e9brer un mariage une c\u00e9r\u00e9monie ou lors des carnavals. D&#8217;abord divertissement populaire la danse va peu \u00e0 peu prendre place dans\u2026\" \/>\n<meta property=\"og:url\" content=\"https:\/\/lemenestreldeshautsdefrance.fr\/?page_id=376\" \/>\n<meta property=\"og:site_name\" content=\"Le M\u00e9nestrel Des Hauts de France. Animations m\u00e9di\u00e9vales p\u00e9dagogiques\" \/>\n<meta property=\"article:modified_time\" content=\"2020-01-09T16:58:24+00:00\" \/>\n<meta property=\"og:image\" content=\"http:\/\/www.lamarotte.fr\/wp-content\/uploads\/2007\/09\/s5001632-0104_0001.jpg\" \/>\n<meta name=\"twitter:card\" content=\"summary_large_image\" \/>\n<meta name=\"twitter:label1\" content=\"Dur\u00e9e de lecture estim\u00e9e\" \/>\n\t<meta name=\"twitter:data1\" content=\"7 minutes\" \/>\n<script type=\"application\/ld+json\" class=\"yoast-schema-graph\">{\"@context\":\"https:\/\/schema.org\",\"@graph\":[{\"@type\":[\"Person\",\"Organization\"],\"@id\":\"https:\/\/lemenestreldeshautsdefrance.fr\/#\/schema\/person\/e6d19311861e6ec80276cfa9017a3ba3\",\"name\":\"boufon-68\",\"image\":{\"@type\":\"ImageObject\",\"inLanguage\":\"fr-FR\",\"@id\":\"https:\/\/lemenestreldeshautsdefrance.fr\/#\/schema\/person\/image\/\",\"url\":\"https:\/\/secure.gravatar.com\/avatar\/68239af820e070e1bf56325d2c8aad95?s=96&d=mm&r=g\",\"contentUrl\":\"https:\/\/secure.gravatar.com\/avatar\/68239af820e070e1bf56325d2c8aad95?s=96&d=mm&r=g\",\"caption\":\"boufon-68\"},\"logo\":{\"@id\":\"https:\/\/lemenestreldeshautsdefrance.fr\/#\/schema\/person\/image\/\"}},{\"@type\":\"WebSite\",\"@id\":\"https:\/\/lemenestreldeshautsdefrance.fr\/#website\",\"url\":\"https:\/\/lemenestreldeshautsdefrance.fr\/\",\"name\":\"Le M\u00e9nestrel Des Hauts de France animations p\u00e9dagogiques\",\"description\":\"La musique au Moyen-\u00e2ge\",\"publisher\":{\"@id\":\"https:\/\/lemenestreldeshautsdefrance.fr\/#\/schema\/person\/e6d19311861e6ec80276cfa9017a3ba3\"},\"potentialAction\":[{\"@type\":\"SearchAction\",\"target\":{\"@type\":\"EntryPoint\",\"urlTemplate\":\"https:\/\/lemenestreldeshautsdefrance.fr\/?s={search_term_string}\"},\"query-input\":\"required name=search_term_string\"}],\"inLanguage\":\"fr-FR\"},{\"@type\":\"ImageObject\",\"inLanguage\":\"fr-FR\",\"@id\":\"https:\/\/lemenestreldeshautsdefrance.fr\/?page_id=376#primaryimage\",\"url\":\"http:\/\/www.lamarotte.fr\/wp-content\/uploads\/2007\/09\/s5001632-0104_0001.jpg\",\"contentUrl\":\"http:\/\/www.lamarotte.fr\/wp-content\/uploads\/2007\/09\/s5001632-0104_0001.jpg\"},{\"@type\":\"WebPage\",\"@id\":\"https:\/\/lemenestreldeshautsdefrance.fr\/?page_id=376#webpage\",\"url\":\"https:\/\/lemenestreldeshautsdefrance.fr\/?page_id=376\",\"name\":\"La Danse au Moyen-Age - Le M\u00e9nestrel Des Hauts de France. Animations m\u00e9di\u00e9vales p\u00e9dagogiques\",\"isPartOf\":{\"@id\":\"https:\/\/lemenestreldeshautsdefrance.fr\/#website\"},\"primaryImageOfPage\":{\"@id\":\"https:\/\/lemenestreldeshautsdefrance.fr\/?page_id=376#primaryimage\"},\"datePublished\":\"2020-01-07T14:28:50+00:00\",\"dateModified\":\"2020-01-09T16:58:24+00:00\",\"breadcrumb\":{\"@id\":\"https:\/\/lemenestreldeshautsdefrance.fr\/?page_id=376#breadcrumb\"},\"inLanguage\":\"fr-FR\",\"potentialAction\":[{\"@type\":\"ReadAction\",\"target\":[\"https:\/\/lemenestreldeshautsdefrance.fr\/?page_id=376\"]}]},{\"@type\":\"BreadcrumbList\",\"@id\":\"https:\/\/lemenestreldeshautsdefrance.fr\/?page_id=376#breadcrumb\",\"itemListElement\":[{\"@type\":\"ListItem\",\"position\":1,\"name\":\"Accueil\",\"item\":\"https:\/\/lemenestreldeshautsdefrance.fr\/\"},{\"@type\":\"ListItem\",\"position\":2,\"name\":\"La Danse au Moyen-Age\"}]}]}<\/script>\n<!-- \/ Yoast SEO plugin. -->","yoast_head_json":{"title":"La Danse au Moyen-Age - Le M\u00e9nestrel Des Hauts de France. Animations m\u00e9di\u00e9vales p\u00e9dagogiques","robots":{"index":"index","follow":"follow","max-snippet":"max-snippet:-1","max-image-preview":"max-image-preview:large","max-video-preview":"max-video-preview:-1"},"canonical":"https:\/\/lemenestreldeshautsdefrance.fr\/?page_id=376","og_locale":"fr_FR","og_type":"article","og_title":"La Danse au Moyen-Age - Le M\u00e9nestrel Des Hauts de France. Animations m\u00e9di\u00e9vales p\u00e9dagogiques","og_description":"La danse est une activit\u00e9 tr\u00e8s appr\u00e9ci\u00e9e au moyen \u00e2ge ont la rencontre r\u00e9guli\u00e8rement lors des diverses festivit\u00e9s pour c\u00e9l\u00e9brer un mariage une c\u00e9r\u00e9monie ou lors des carnavals. D&#8217;abord divertissement populaire la danse va peu \u00e0 peu prendre place dans\u2026","og_url":"https:\/\/lemenestreldeshautsdefrance.fr\/?page_id=376","og_site_name":"Le M\u00e9nestrel Des Hauts de France. Animations m\u00e9di\u00e9vales p\u00e9dagogiques","article_modified_time":"2020-01-09T16:58:24+00:00","og_image":[{"url":"http:\/\/www.lamarotte.fr\/wp-content\/uploads\/2007\/09\/s5001632-0104_0001.jpg"}],"twitter_card":"summary_large_image","twitter_misc":{"Dur\u00e9e de lecture estim\u00e9e":"7 minutes"},"schema":{"@context":"https:\/\/schema.org","@graph":[{"@type":["Person","Organization"],"@id":"https:\/\/lemenestreldeshautsdefrance.fr\/#\/schema\/person\/e6d19311861e6ec80276cfa9017a3ba3","name":"boufon-68","image":{"@type":"ImageObject","inLanguage":"fr-FR","@id":"https:\/\/lemenestreldeshautsdefrance.fr\/#\/schema\/person\/image\/","url":"https:\/\/secure.gravatar.com\/avatar\/68239af820e070e1bf56325d2c8aad95?s=96&d=mm&r=g","contentUrl":"https:\/\/secure.gravatar.com\/avatar\/68239af820e070e1bf56325d2c8aad95?s=96&d=mm&r=g","caption":"boufon-68"},"logo":{"@id":"https:\/\/lemenestreldeshautsdefrance.fr\/#\/schema\/person\/image\/"}},{"@type":"WebSite","@id":"https:\/\/lemenestreldeshautsdefrance.fr\/#website","url":"https:\/\/lemenestreldeshautsdefrance.fr\/","name":"Le M\u00e9nestrel Des Hauts de France animations p\u00e9dagogiques","description":"La musique au Moyen-\u00e2ge","publisher":{"@id":"https:\/\/lemenestreldeshautsdefrance.fr\/#\/schema\/person\/e6d19311861e6ec80276cfa9017a3ba3"},"potentialAction":[{"@type":"SearchAction","target":{"@type":"EntryPoint","urlTemplate":"https:\/\/lemenestreldeshautsdefrance.fr\/?s={search_term_string}"},"query-input":"required name=search_term_string"}],"inLanguage":"fr-FR"},{"@type":"ImageObject","inLanguage":"fr-FR","@id":"https:\/\/lemenestreldeshautsdefrance.fr\/?page_id=376#primaryimage","url":"http:\/\/www.lamarotte.fr\/wp-content\/uploads\/2007\/09\/s5001632-0104_0001.jpg","contentUrl":"http:\/\/www.lamarotte.fr\/wp-content\/uploads\/2007\/09\/s5001632-0104_0001.jpg"},{"@type":"WebPage","@id":"https:\/\/lemenestreldeshautsdefrance.fr\/?page_id=376#webpage","url":"https:\/\/lemenestreldeshautsdefrance.fr\/?page_id=376","name":"La Danse au Moyen-Age - Le M\u00e9nestrel Des Hauts de France. Animations m\u00e9di\u00e9vales p\u00e9dagogiques","isPartOf":{"@id":"https:\/\/lemenestreldeshautsdefrance.fr\/#website"},"primaryImageOfPage":{"@id":"https:\/\/lemenestreldeshautsdefrance.fr\/?page_id=376#primaryimage"},"datePublished":"2020-01-07T14:28:50+00:00","dateModified":"2020-01-09T16:58:24+00:00","breadcrumb":{"@id":"https:\/\/lemenestreldeshautsdefrance.fr\/?page_id=376#breadcrumb"},"inLanguage":"fr-FR","potentialAction":[{"@type":"ReadAction","target":["https:\/\/lemenestreldeshautsdefrance.fr\/?page_id=376"]}]},{"@type":"BreadcrumbList","@id":"https:\/\/lemenestreldeshautsdefrance.fr\/?page_id=376#breadcrumb","itemListElement":[{"@type":"ListItem","position":1,"name":"Accueil","item":"https:\/\/lemenestreldeshautsdefrance.fr\/"},{"@type":"ListItem","position":2,"name":"La Danse au Moyen-Age"}]}]}},"_links":{"self":[{"href":"https:\/\/lemenestreldeshautsdefrance.fr\/index.php?rest_route=\/wp\/v2\/pages\/376"}],"collection":[{"href":"https:\/\/lemenestreldeshautsdefrance.fr\/index.php?rest_route=\/wp\/v2\/pages"}],"about":[{"href":"https:\/\/lemenestreldeshautsdefrance.fr\/index.php?rest_route=\/wp\/v2\/types\/page"}],"author":[{"embeddable":true,"href":"https:\/\/lemenestreldeshautsdefrance.fr\/index.php?rest_route=\/wp\/v2\/users\/1"}],"replies":[{"embeddable":true,"href":"https:\/\/lemenestreldeshautsdefrance.fr\/index.php?rest_route=%2Fwp%2Fv2%2Fcomments&post=376"}],"version-history":[{"count":3,"href":"https:\/\/lemenestreldeshautsdefrance.fr\/index.php?rest_route=\/wp\/v2\/pages\/376\/revisions"}],"predecessor-version":[{"id":420,"href":"https:\/\/lemenestreldeshautsdefrance.fr\/index.php?rest_route=\/wp\/v2\/pages\/376\/revisions\/420"}],"wp:attachment":[{"href":"https:\/\/lemenestreldeshautsdefrance.fr\/index.php?rest_route=%2Fwp%2Fv2%2Fmedia&parent=376"}],"curies":[{"name":"wp","href":"https:\/\/api.w.org\/{rel}","templated":true}]}}