{"id":332,"date":"2019-10-31T11:06:29","date_gmt":"2019-10-31T10:06:29","guid":{"rendered":"http:\/\/lemenestreldeshautsdefrance.fr\/?page_id=332"},"modified":"2019-11-09T14:56:06","modified_gmt":"2019-11-09T13:56:06","slug":"contact","status":"publish","type":"page","link":"https:\/\/lemenestreldeshautsdefrance.fr\/?page_id=332","title":{"rendered":"Contact"},"content":{"rendered":"\n<p>Pour toute information contactez nous par mail ou t\u00e9l\u00e9phone.<\/p>\n\n\n\n<p>lemenestrel@yahoo.com<\/p>\n\n\n\n<p>T\u00e9l: 0670740833<\/p>\n","protected":false},"excerpt":{"rendered":"<p>Pour toute information contactez nous par mail ou t\u00e9l\u00e9phone. lemenestrel@yahoo.com T\u00e9l: 0670740833<\/p>\n","protected":false},"author":1,"featured_media":0,"parent":0,"menu_order":0,"comment_status":"closed","ping_status":"closed","template":"","meta":[],"yoast_head":"<!-- This site is optimized with the Yoast SEO plugin v19.1 - https:\/\/yoast.com\/wordpress\/plugins\/seo\/ -->\n<title>Contact - Le M\u00e9nestrel Des Hauts de France. Animations m\u00e9di\u00e9vales p\u00e9dagogiques<\/title>\n<meta name=\"robots\" content=\"index, follow, max-snippet:-1, max-image-preview:large, max-video-preview:-1\" \/>\n<link rel=\"canonical\" href=\"https:\/\/lemenestreldeshautsdefrance.fr\/?page_id=332\" \/>\n<meta property=\"og:locale\" content=\"fr_FR\" \/>\n<meta property=\"og:type\" content=\"article\" \/>\n<meta property=\"og:title\" content=\"Contact - Le M\u00e9nestrel Des Hauts de France. Animations m\u00e9di\u00e9vales p\u00e9dagogiques\" \/>\n<meta property=\"og:description\" content=\"Pour toute information contactez nous par mail ou t\u00e9l\u00e9phone. lemenestrel@yahoo.com T\u00e9l: 0670740833\" \/>\n<meta property=\"og:url\" content=\"https:\/\/lemenestreldeshautsdefrance.fr\/?page_id=332\" \/>\n<meta property=\"og:site_name\" content=\"Le M\u00e9nestrel Des Hauts de France. Animations m\u00e9di\u00e9vales p\u00e9dagogiques\" \/>\n<meta property=\"article:modified_time\" content=\"2019-11-09T13:56:06+00:00\" \/>\n<meta name=\"twitter:card\" content=\"summary_large_image\" \/>\n<script type=\"application\/ld+json\" class=\"yoast-schema-graph\">{\"@context\":\"https:\/\/schema.org\",\"@graph\":[{\"@type\":[\"Person\",\"Organization\"],\"@id\":\"https:\/\/lemenestreldeshautsdefrance.fr\/#\/schema\/person\/e6d19311861e6ec80276cfa9017a3ba3\",\"name\":\"boufon-68\",\"image\":{\"@type\":\"ImageObject\",\"inLanguage\":\"fr-FR\",\"@id\":\"https:\/\/lemenestreldeshautsdefrance.fr\/#\/schema\/person\/image\/\",\"url\":\"https:\/\/secure.gravatar.com\/avatar\/68239af820e070e1bf56325d2c8aad95?s=96&d=mm&r=g\",\"contentUrl\":\"https:\/\/secure.gravatar.com\/avatar\/68239af820e070e1bf56325d2c8aad95?s=96&d=mm&r=g\",\"caption\":\"boufon-68\"},\"logo\":{\"@id\":\"https:\/\/lemenestreldeshautsdefrance.fr\/#\/schema\/person\/image\/\"}},{\"@type\":\"WebSite\",\"@id\":\"https:\/\/lemenestreldeshautsdefrance.fr\/#website\",\"url\":\"https:\/\/lemenestreldeshautsdefrance.fr\/\",\"name\":\"Le M\u00e9nestrel Des Hauts de France animations p\u00e9dagogiques\",\"description\":\"La musique au Moyen-\u00e2ge\",\"publisher\":{\"@id\":\"https:\/\/lemenestreldeshautsdefrance.fr\/#\/schema\/person\/e6d19311861e6ec80276cfa9017a3ba3\"},\"potentialAction\":[{\"@type\":\"SearchAction\",\"target\":{\"@type\":\"EntryPoint\",\"urlTemplate\":\"https:\/\/lemenestreldeshautsdefrance.fr\/?s={search_term_string}\"},\"query-input\":\"required name=search_term_string\"}],\"inLanguage\":\"fr-FR\"},{\"@type\":\"WebPage\",\"@id\":\"https:\/\/lemenestreldeshautsdefrance.fr\/?page_id=332#webpage\",\"url\":\"https:\/\/lemenestreldeshautsdefrance.fr\/?page_id=332\",\"name\":\"Contact - Le M\u00e9nestrel Des Hauts de France. Animations m\u00e9di\u00e9vales p\u00e9dagogiques\",\"isPartOf\":{\"@id\":\"https:\/\/lemenestreldeshautsdefrance.fr\/#website\"},\"datePublished\":\"2019-10-31T10:06:29+00:00\",\"dateModified\":\"2019-11-09T13:56:06+00:00\",\"breadcrumb\":{\"@id\":\"https:\/\/lemenestreldeshautsdefrance.fr\/?page_id=332#breadcrumb\"},\"inLanguage\":\"fr-FR\",\"potentialAction\":[{\"@type\":\"ReadAction\",\"target\":[\"https:\/\/lemenestreldeshautsdefrance.fr\/?page_id=332\"]}]},{\"@type\":\"BreadcrumbList\",\"@id\":\"https:\/\/lemenestreldeshautsdefrance.fr\/?page_id=332#breadcrumb\",\"itemListElement\":[{\"@type\":\"ListItem\",\"position\":1,\"name\":\"Accueil\",\"item\":\"https:\/\/lemenestreldeshautsdefrance.fr\/\"},{\"@type\":\"ListItem\",\"position\":2,\"name\":\"Contact\"}]}]}<\/script>\n<!-- \/ Yoast SEO plugin. -->","yoast_head_json":{"title":"Contact - Le M\u00e9nestrel Des Hauts de France. Animations m\u00e9di\u00e9vales p\u00e9dagogiques","robots":{"index":"index","follow":"follow","max-snippet":"max-snippet:-1","max-image-preview":"max-image-preview:large","max-video-preview":"max-video-preview:-1"},"canonical":"https:\/\/lemenestreldeshautsdefrance.fr\/?page_id=332","og_locale":"fr_FR","og_type":"article","og_title":"Contact - Le M\u00e9nestrel Des Hauts de France. Animations m\u00e9di\u00e9vales p\u00e9dagogiques","og_description":"Pour toute information contactez nous par mail ou t\u00e9l\u00e9phone. lemenestrel@yahoo.com T\u00e9l: 0670740833","og_url":"https:\/\/lemenestreldeshautsdefrance.fr\/?page_id=332","og_site_name":"Le M\u00e9nestrel Des Hauts de France. Animations m\u00e9di\u00e9vales p\u00e9dagogiques","article_modified_time":"2019-11-09T13:56:06+00:00","twitter_card":"summary_large_image","schema":{"@context":"https:\/\/schema.org","@graph":[{"@type":["Person","Organization"],"@id":"https:\/\/lemenestreldeshautsdefrance.fr\/#\/schema\/person\/e6d19311861e6ec80276cfa9017a3ba3","name":"boufon-68","image":{"@type":"ImageObject","inLanguage":"fr-FR","@id":"https:\/\/lemenestreldeshautsdefrance.fr\/#\/schema\/person\/image\/","url":"https:\/\/secure.gravatar.com\/avatar\/68239af820e070e1bf56325d2c8aad95?s=96&d=mm&r=g","contentUrl":"https:\/\/secure.gravatar.com\/avatar\/68239af820e070e1bf56325d2c8aad95?s=96&d=mm&r=g","caption":"boufon-68"},"logo":{"@id":"https:\/\/lemenestreldeshautsdefrance.fr\/#\/schema\/person\/image\/"}},{"@type":"WebSite","@id":"https:\/\/lemenestreldeshautsdefrance.fr\/#website","url":"https:\/\/lemenestreldeshautsdefrance.fr\/","name":"Le M\u00e9nestrel Des Hauts de France animations p\u00e9dagogiques","description":"La musique au Moyen-\u00e2ge","publisher":{"@id":"https:\/\/lemenestreldeshautsdefrance.fr\/#\/schema\/person\/e6d19311861e6ec80276cfa9017a3ba3"},"potentialAction":[{"@type":"SearchAction","target":{"@type":"EntryPoint","urlTemplate":"https:\/\/lemenestreldeshautsdefrance.fr\/?s={search_term_string}"},"query-input":"required name=search_term_string"}],"inLanguage":"fr-FR"},{"@type":"WebPage","@id":"https:\/\/lemenestreldeshautsdefrance.fr\/?page_id=332#webpage","url":"https:\/\/lemenestreldeshautsdefrance.fr\/?page_id=332","name":"Contact - Le M\u00e9nestrel Des Hauts de France. Animations m\u00e9di\u00e9vales p\u00e9dagogiques","isPartOf":{"@id":"https:\/\/lemenestreldeshautsdefrance.fr\/#website"},"datePublished":"2019-10-31T10:06:29+00:00","dateModified":"2019-11-09T13:56:06+00:00","breadcrumb":{"@id":"https:\/\/lemenestreldeshautsdefrance.fr\/?page_id=332#breadcrumb"},"inLanguage":"fr-FR","potentialAction":[{"@type":"ReadAction","target":["https:\/\/lemenestreldeshautsdefrance.fr\/?page_id=332"]}]},{"@type":"BreadcrumbList","@id":"https:\/\/lemenestreldeshautsdefrance.fr\/?page_id=332#breadcrumb","itemListElement":[{"@type":"ListItem","position":1,"name":"Accueil","item":"https:\/\/lemenestreldeshautsdefrance.fr\/"},{"@type":"ListItem","position":2,"name":"Contact"}]}]}},"_links":{"self":[{"href":"https:\/\/lemenestreldeshautsdefrance.fr\/index.php?rest_route=\/wp\/v2\/pages\/332"}],"collection":[{"href":"https:\/\/lemenestreldeshautsdefrance.fr\/index.php?rest_route=\/wp\/v2\/pages"}],"about":[{"href":"https:\/\/lemenestreldeshautsdefrance.fr\/index.php?rest_route=\/wp\/v2\/types\/page"}],"author":[{"embeddable":true,"href":"https:\/\/lemenestreldeshautsdefrance.fr\/index.php?rest_route=\/wp\/v2\/users\/1"}],"replies":[{"embeddable":true,"href":"https:\/\/lemenestreldeshautsdefrance.fr\/index.php?rest_route=%2Fwp%2Fv2%2Fcomments&post=332"}],"version-history":[{"count":2,"href":"https:\/\/lemenestreldeshautsdefrance.fr\/index.php?rest_route=\/wp\/v2\/pages\/332\/revisions"}],"predecessor-version":[{"id":358,"href":"https:\/\/lemenestreldeshautsdefrance.fr\/index.php?rest_route=\/wp\/v2\/pages\/332\/revisions\/358"}],"wp:attachment":[{"href":"https:\/\/lemenestreldeshautsdefrance.fr\/index.php?rest_route=%2Fwp%2Fv2%2Fmedia&parent=332"}],"curies":[{"name":"wp","href":"https:\/\/api.w.org\/{rel}","templated":true}]}}