{"id":312,"date":"2019-10-31T10:15:45","date_gmt":"2019-10-31T09:15:45","guid":{"rendered":"http:\/\/lemenestreldeshautsdefrance.fr\/?page_id=312"},"modified":"2022-07-12T06:25:53","modified_gmt":"2022-07-12T04:25:53","slug":"animations-medievales-pedagogiques","status":"publish","type":"page","link":"https:\/\/lemenestreldeshautsdefrance.fr\/","title":{"rendered":"Bienvenue dans l&#8217;univers du M\u00e9nestrel, vous y d\u00e9couvrirez nos diverses animations  sur la musique au Moyen-Age."},"content":{"rendered":"\n<figure class=\"wp-block-image size-large\"><img loading=\"lazy\" width=\"399\" height=\"570\" src=\"https:\/\/lemenestreldeshautsdefrance.fr\/wp-content\/uploads\/2020\/01\/lemenestre1.jpg\" alt=\"\" class=\"wp-image-427\" srcset=\"https:\/\/lemenestreldeshautsdefrance.fr\/wp-content\/uploads\/2020\/01\/lemenestre1.jpg 399w, https:\/\/lemenestreldeshautsdefrance.fr\/wp-content\/uploads\/2020\/01\/lemenestre1-210x300.jpg 210w\" sizes=\"(max-width: 399px) 100vw, 399px\" \/><\/figure>\n\n\n\n<figure class=\"wp-block-image size-large\"><img loading=\"lazy\" width=\"1024\" height=\"768\" src=\"https:\/\/lemenestreldeshautsdefrance.fr\/wp-content\/uploads\/2022\/07\/received_902222337840129-1-1024x768.jpeg\" alt=\"\" class=\"wp-image-481\" srcset=\"https:\/\/lemenestreldeshautsdefrance.fr\/wp-content\/uploads\/2022\/07\/received_902222337840129-1-1024x768.jpeg 1024w, https:\/\/lemenestreldeshautsdefrance.fr\/wp-content\/uploads\/2022\/07\/received_902222337840129-1-300x225.jpeg 300w, https:\/\/lemenestreldeshautsdefrance.fr\/wp-content\/uploads\/2022\/07\/received_902222337840129-1-768x576.jpeg 768w, https:\/\/lemenestreldeshautsdefrance.fr\/wp-content\/uploads\/2022\/07\/received_902222337840129-1-1536x1152.jpeg 1536w, https:\/\/lemenestreldeshautsdefrance.fr\/wp-content\/uploads\/2022\/07\/received_902222337840129-1-400x300.jpeg 400w, https:\/\/lemenestreldeshautsdefrance.fr\/wp-content\/uploads\/2022\/07\/received_902222337840129-1.jpeg 2048w\" sizes=\"(max-width: 1024px) 100vw, 1024px\" \/><\/figure>\n\n\n\n<p class=\"has-text-align-left\"> <strong>L<\/strong>e M\u00e9nestrel Des Hauts de France vous propose de faire un voyage dans le temps afin de d\u00e9couvrir de mani\u00e8re ludique et p\u00e9dagogique la musique m\u00e9di\u00e9vale.&nbsp;Il s&#8217;agit de mettre \u00e0 l\u2019honneur la  musique ancienne en passant par le&nbsp; Moyen Age, r\u00e9put\u00e9 pour sa diversit\u00e9 et sa richesse instrumentale. En effet nombre d\u2019instruments ont pris naissance \u00e0 cette \u00e9poque dans diff\u00e9rentes r\u00e9gions et pays.&nbsp;Ma volont\u00e9 est de faire d\u00e9couvrir de mani\u00e8re ludique aux jeunes et \u201cmoins jeunes\u201d une musique simple d\u2019 acc\u00e8s et d\u2019\u00e9veiller en eux le musicien qui sommeille dans un esprit convivial et f\u00e9d\u00e9rateur, la p\u00e9dagogie n\u2019\u00e9tant-elle pas de transmettre avec passion un savoir, une d\u00e9couverte?&nbsp;\u00c9ducateur sp\u00e9cialis\u00e9 de formation et enseignant passionn\u00e9s, nous vous proposons des d\u00e9monstrations et explications&nbsp; historiques des divers instruments du Moyen Age et de la Renaissance (vielle \u00e0 roue, vielle \u00e0 archet,&nbsp;cornemuses, fl\u00fbtes, et sonnailles etc\u2026)&nbsp;Nous proposons une invitation et une initiation aux danses et tout autre projet r\u00e9pondant \u00e0 vos attentes.  <\/p>\n\n\n\n<p><em>Tous droits r\u00e9serv\u00e9s Le M\u00e9nestrel des Hauts de France<\/em> <em>2019<\/em>.<\/p>\n\n\n\n<figure class=\"wp-block-audio\"><audio controls src=\"https:\/\/lemenestreldeshautsdefrance.fr\/wp-content\/uploads\/2020\/01\/Track-12-1.ogg\"><\/audio><\/figure>\n","protected":false},"excerpt":{"rendered":"<p>Le M\u00e9nestrel Des Hauts de France vous propose de faire un voyage dans le temps afin de d\u00e9couvrir de mani\u00e8re ludique et p\u00e9dagogique la musique m\u00e9di\u00e9vale.&nbsp;Il s&#8217;agit de mettre \u00e0 l\u2019honneur la musique ancienne en passant par le&nbsp; Moyen Age,\u2026<\/p>\n","protected":false},"author":1,"featured_media":0,"parent":0,"menu_order":0,"comment_status":"closed","ping_status":"closed","template":"","meta":[],"yoast_head":"<!-- This site is optimized with the Yoast SEO plugin v19.1 - https:\/\/yoast.com\/wordpress\/plugins\/seo\/ -->\n<title>Animations m\u00e9di\u00e9vales p\u00e9dagogiques sur la musique M\u00e9di\u00e9vale<\/title>\n<meta name=\"description\" content=\"Animations m\u00e9di\u00e9vales p\u00e9dagogiques sur la musique M\u00e9di\u00e9vale.Pr\u00e9sentation et d\u00e9monstration des instruments de musique du Moyen-Age\" \/>\n<meta name=\"robots\" content=\"index, follow, max-snippet:-1, max-image-preview:large, max-video-preview:-1\" \/>\n<link rel=\"canonical\" href=\"https:\/\/lemenestreldeshautsdefrance.fr\/\" \/>\n<meta property=\"og:locale\" content=\"fr_FR\" \/>\n<meta property=\"og:type\" content=\"article\" \/>\n<meta property=\"og:title\" content=\"Animations m\u00e9di\u00e9vales p\u00e9dagogiques sur la musique M\u00e9di\u00e9vale\" \/>\n<meta property=\"og:description\" content=\"Animations m\u00e9di\u00e9vales p\u00e9dagogiques sur la musique M\u00e9di\u00e9vale.Pr\u00e9sentation et d\u00e9monstration des instruments de musique du Moyen-Age\" \/>\n<meta property=\"og:url\" content=\"https:\/\/lemenestreldeshautsdefrance.fr\/\" \/>\n<meta property=\"og:site_name\" content=\"Le M\u00e9nestrel Des Hauts de France. Animations m\u00e9di\u00e9vales p\u00e9dagogiques\" \/>\n<meta property=\"article:modified_time\" content=\"2022-07-12T04:25:53+00:00\" \/>\n<meta property=\"og:image\" content=\"https:\/\/lemenestreldeshautsdefrance.fr\/wp-content\/uploads\/2020\/01\/lemenestre1.jpg\" \/>\n<meta name=\"twitter:card\" content=\"summary_large_image\" \/>\n<meta name=\"twitter:label1\" content=\"Dur\u00e9e de lecture estim\u00e9e\" \/>\n\t<meta name=\"twitter:data1\" content=\"2 minutes\" \/>\n<script type=\"application\/ld+json\" class=\"yoast-schema-graph\">{\"@context\":\"https:\/\/schema.org\",\"@graph\":[{\"@type\":[\"Person\",\"Organization\"],\"@id\":\"https:\/\/lemenestreldeshautsdefrance.fr\/#\/schema\/person\/e6d19311861e6ec80276cfa9017a3ba3\",\"name\":\"boufon-68\",\"image\":{\"@type\":\"ImageObject\",\"inLanguage\":\"fr-FR\",\"@id\":\"https:\/\/lemenestreldeshautsdefrance.fr\/#\/schema\/person\/image\/\",\"url\":\"https:\/\/secure.gravatar.com\/avatar\/68239af820e070e1bf56325d2c8aad95?s=96&d=mm&r=g\",\"contentUrl\":\"https:\/\/secure.gravatar.com\/avatar\/68239af820e070e1bf56325d2c8aad95?s=96&d=mm&r=g\",\"caption\":\"boufon-68\"},\"logo\":{\"@id\":\"https:\/\/lemenestreldeshautsdefrance.fr\/#\/schema\/person\/image\/\"}},{\"@type\":\"WebSite\",\"@id\":\"https:\/\/lemenestreldeshautsdefrance.fr\/#website\",\"url\":\"https:\/\/lemenestreldeshautsdefrance.fr\/\",\"name\":\"Le M\u00e9nestrel Des Hauts de France animations p\u00e9dagogiques\",\"description\":\"La musique au Moyen-\u00e2ge\",\"publisher\":{\"@id\":\"https:\/\/lemenestreldeshautsdefrance.fr\/#\/schema\/person\/e6d19311861e6ec80276cfa9017a3ba3\"},\"potentialAction\":[{\"@type\":\"SearchAction\",\"target\":{\"@type\":\"EntryPoint\",\"urlTemplate\":\"https:\/\/lemenestreldeshautsdefrance.fr\/?s={search_term_string}\"},\"query-input\":\"required name=search_term_string\"}],\"inLanguage\":\"fr-FR\"},{\"@type\":\"ImageObject\",\"inLanguage\":\"fr-FR\",\"@id\":\"https:\/\/lemenestreldeshautsdefrance.fr\/#primaryimage\",\"url\":\"https:\/\/lemenestreldeshautsdefrance.fr\/wp-content\/uploads\/2020\/01\/lemenestre1.jpg\",\"contentUrl\":\"https:\/\/lemenestreldeshautsdefrance.fr\/wp-content\/uploads\/2020\/01\/lemenestre1.jpg\",\"width\":399,\"height\":570},{\"@type\":\"WebPage\",\"@id\":\"https:\/\/lemenestreldeshautsdefrance.fr\/#webpage\",\"url\":\"https:\/\/lemenestreldeshautsdefrance.fr\/\",\"name\":\"Animations m\u00e9di\u00e9vales p\u00e9dagogiques sur la musique M\u00e9di\u00e9vale\",\"isPartOf\":{\"@id\":\"https:\/\/lemenestreldeshautsdefrance.fr\/#website\"},\"primaryImageOfPage\":{\"@id\":\"https:\/\/lemenestreldeshautsdefrance.fr\/#primaryimage\"},\"datePublished\":\"2019-10-31T09:15:45+00:00\",\"dateModified\":\"2022-07-12T04:25:53+00:00\",\"description\":\"Animations m\u00e9di\u00e9vales p\u00e9dagogiques sur la musique M\u00e9di\u00e9vale.Pr\u00e9sentation et d\u00e9monstration des instruments de musique du Moyen-Age\",\"breadcrumb\":{\"@id\":\"https:\/\/lemenestreldeshautsdefrance.fr\/#breadcrumb\"},\"inLanguage\":\"fr-FR\",\"potentialAction\":[{\"@type\":\"ReadAction\",\"target\":[\"https:\/\/lemenestreldeshautsdefrance.fr\/\"]}]},{\"@type\":\"BreadcrumbList\",\"@id\":\"https:\/\/lemenestreldeshautsdefrance.fr\/#breadcrumb\",\"itemListElement\":[{\"@type\":\"ListItem\",\"position\":1,\"name\":\"Accueil\",\"item\":\"https:\/\/lemenestreldeshautsdefrance.fr\/\"},{\"@type\":\"ListItem\",\"position\":2,\"name\":\"Bienvenue dans l&#8217;univers du M\u00e9nestrel, vous y d\u00e9couvrirez nos diverses animations sur la musique au Moyen-Age.\"}]}]}<\/script>\n<!-- \/ Yoast SEO plugin. -->","yoast_head_json":{"title":"Animations m\u00e9di\u00e9vales p\u00e9dagogiques sur la musique M\u00e9di\u00e9vale","description":"Animations m\u00e9di\u00e9vales p\u00e9dagogiques sur la musique M\u00e9di\u00e9vale.Pr\u00e9sentation et d\u00e9monstration des instruments de musique du Moyen-Age","robots":{"index":"index","follow":"follow","max-snippet":"max-snippet:-1","max-image-preview":"max-image-preview:large","max-video-preview":"max-video-preview:-1"},"canonical":"https:\/\/lemenestreldeshautsdefrance.fr\/","og_locale":"fr_FR","og_type":"article","og_title":"Animations m\u00e9di\u00e9vales p\u00e9dagogiques sur la musique M\u00e9di\u00e9vale","og_description":"Animations m\u00e9di\u00e9vales p\u00e9dagogiques sur la musique M\u00e9di\u00e9vale.Pr\u00e9sentation et d\u00e9monstration des instruments de musique du Moyen-Age","og_url":"https:\/\/lemenestreldeshautsdefrance.fr\/","og_site_name":"Le M\u00e9nestrel Des Hauts de France. Animations m\u00e9di\u00e9vales p\u00e9dagogiques","article_modified_time":"2022-07-12T04:25:53+00:00","og_image":[{"url":"https:\/\/lemenestreldeshautsdefrance.fr\/wp-content\/uploads\/2020\/01\/lemenestre1.jpg"}],"twitter_card":"summary_large_image","twitter_misc":{"Dur\u00e9e de lecture estim\u00e9e":"2 minutes"},"schema":{"@context":"https:\/\/schema.org","@graph":[{"@type":["Person","Organization"],"@id":"https:\/\/lemenestreldeshautsdefrance.fr\/#\/schema\/person\/e6d19311861e6ec80276cfa9017a3ba3","name":"boufon-68","image":{"@type":"ImageObject","inLanguage":"fr-FR","@id":"https:\/\/lemenestreldeshautsdefrance.fr\/#\/schema\/person\/image\/","url":"https:\/\/secure.gravatar.com\/avatar\/68239af820e070e1bf56325d2c8aad95?s=96&d=mm&r=g","contentUrl":"https:\/\/secure.gravatar.com\/avatar\/68239af820e070e1bf56325d2c8aad95?s=96&d=mm&r=g","caption":"boufon-68"},"logo":{"@id":"https:\/\/lemenestreldeshautsdefrance.fr\/#\/schema\/person\/image\/"}},{"@type":"WebSite","@id":"https:\/\/lemenestreldeshautsdefrance.fr\/#website","url":"https:\/\/lemenestreldeshautsdefrance.fr\/","name":"Le M\u00e9nestrel Des Hauts de France animations p\u00e9dagogiques","description":"La musique au Moyen-\u00e2ge","publisher":{"@id":"https:\/\/lemenestreldeshautsdefrance.fr\/#\/schema\/person\/e6d19311861e6ec80276cfa9017a3ba3"},"potentialAction":[{"@type":"SearchAction","target":{"@type":"EntryPoint","urlTemplate":"https:\/\/lemenestreldeshautsdefrance.fr\/?s={search_term_string}"},"query-input":"required name=search_term_string"}],"inLanguage":"fr-FR"},{"@type":"ImageObject","inLanguage":"fr-FR","@id":"https:\/\/lemenestreldeshautsdefrance.fr\/#primaryimage","url":"https:\/\/lemenestreldeshautsdefrance.fr\/wp-content\/uploads\/2020\/01\/lemenestre1.jpg","contentUrl":"https:\/\/lemenestreldeshautsdefrance.fr\/wp-content\/uploads\/2020\/01\/lemenestre1.jpg","width":399,"height":570},{"@type":"WebPage","@id":"https:\/\/lemenestreldeshautsdefrance.fr\/#webpage","url":"https:\/\/lemenestreldeshautsdefrance.fr\/","name":"Animations m\u00e9di\u00e9vales p\u00e9dagogiques sur la musique M\u00e9di\u00e9vale","isPartOf":{"@id":"https:\/\/lemenestreldeshautsdefrance.fr\/#website"},"primaryImageOfPage":{"@id":"https:\/\/lemenestreldeshautsdefrance.fr\/#primaryimage"},"datePublished":"2019-10-31T09:15:45+00:00","dateModified":"2022-07-12T04:25:53+00:00","description":"Animations m\u00e9di\u00e9vales p\u00e9dagogiques sur la musique M\u00e9di\u00e9vale.Pr\u00e9sentation et d\u00e9monstration des instruments de musique du Moyen-Age","breadcrumb":{"@id":"https:\/\/lemenestreldeshautsdefrance.fr\/#breadcrumb"},"inLanguage":"fr-FR","potentialAction":[{"@type":"ReadAction","target":["https:\/\/lemenestreldeshautsdefrance.fr\/"]}]},{"@type":"BreadcrumbList","@id":"https:\/\/lemenestreldeshautsdefrance.fr\/#breadcrumb","itemListElement":[{"@type":"ListItem","position":1,"name":"Accueil","item":"https:\/\/lemenestreldeshautsdefrance.fr\/"},{"@type":"ListItem","position":2,"name":"Bienvenue dans l&#8217;univers du M\u00e9nestrel, vous y d\u00e9couvrirez nos diverses animations sur la musique au Moyen-Age."}]}]}},"_links":{"self":[{"href":"https:\/\/lemenestreldeshautsdefrance.fr\/index.php?rest_route=\/wp\/v2\/pages\/312"}],"collection":[{"href":"https:\/\/lemenestreldeshautsdefrance.fr\/index.php?rest_route=\/wp\/v2\/pages"}],"about":[{"href":"https:\/\/lemenestreldeshautsdefrance.fr\/index.php?rest_route=\/wp\/v2\/types\/page"}],"author":[{"embeddable":true,"href":"https:\/\/lemenestreldeshautsdefrance.fr\/index.php?rest_route=\/wp\/v2\/users\/1"}],"replies":[{"embeddable":true,"href":"https:\/\/lemenestreldeshautsdefrance.fr\/index.php?rest_route=%2Fwp%2Fv2%2Fcomments&post=312"}],"version-history":[{"count":18,"href":"https:\/\/lemenestreldeshautsdefrance.fr\/index.php?rest_route=\/wp\/v2\/pages\/312\/revisions"}],"predecessor-version":[{"id":488,"href":"https:\/\/lemenestreldeshautsdefrance.fr\/index.php?rest_route=\/wp\/v2\/pages\/312\/revisions\/488"}],"wp:attachment":[{"href":"https:\/\/lemenestreldeshautsdefrance.fr\/index.php?rest_route=%2Fwp%2Fv2%2Fmedia&parent=312"}],"curies":[{"name":"wp","href":"https:\/\/api.w.org\/{rel}","templated":true}]}}